{"id":4915,"date":"2021-09-10T15:12:55","date_gmt":"2021-09-10T13:12:55","guid":{"rendered":"https:\/\/www.detconsultants.com\/mentions-legales\/"},"modified":"2023-04-07T16:35:42","modified_gmt":"2023-04-07T14:35:42","slug":"legal-notice","status":"publish","type":"page","link":"https:\/\/www.detconsultants.com\/en\/legal-notice\/","title":{"rendered":"Legal notice"},"content":{"rendered":"<div class=\"wpb-content-wrapper\"><p>[vc_section][vc_row content_placement=&#8221;middle&#8221; bg_type=&#8221;image&#8221; parallax_style=&#8221;vcpb-default&#8221; bg_image_new=&#8221;id^73|url^http:\/\/www.detconsultants.com\/wp-content\/uploads\/2021\/08\/Capture2.png|caption^null|alt^null|title^Capture2|description^null&#8221; bg_image_repeat=&#8221;no-repeat&#8221; bg_override=&#8221;full&#8221; el_class=&#8221;header-page header-page-mobile-turquoise&#8221;][vc_column][vc_column_text el_class=&#8221;header-text&#8221;]<\/p>\n<h1>Legal notice<\/h1>\n<p>[\/vc_column_text][\/vc_column][\/vc_row][\/vc_section][vc_section][vc_row][vc_column]<div class=\"ult-spacer spacer-69f363d122c9c\" data-id=\"69f363d122c9c\" data-height=\"35\" data-height-mobile=\"35\" data-height-tab=\"35\" data-height-tab-portrait=\"\" data-height-mobile-landscape=\"\" style=\"clear:both;display:block;\"><\/div>[vc_column_text]The website www.detconsultants.com is the property of D&amp;Consultants &#8211; D\u00e9veloppement &amp; Conseil[\/vc_column_text][\/vc_column][\/vc_row][\/vc_section][vc_section][vc_row][vc_column][vc_column_text]<\/p>\n<h4>GENERAL PRESENTATION<\/h4>\n<p>[\/vc_column_text][vc_column_text]<span class=\"TextRun SCXW25326834 BCX0\" lang=\"EN-US\" xml:lang=\"EN-US\" data-contrast=\"auto\"><span class=\"NormalTextRun SCXW25326834 BCX0\">Company name: <\/span><span class=\"NormalTextRun SpellingErrorV2Themed SCXW25326834 BCX0\">D&amp;Consultants<\/span><span class=\"NormalTextRun SCXW25326834 BCX0\"> Soci\u00e9t\u00e9 par actions <\/span><span class=\"NormalTextRun SpellingErrorV2Themed SCXW25326834 BCX0\">simplifi\u00e9e<\/span><span class=\"NormalTextRun SCXW25326834 BCX0\"> au capital <\/span><span class=\"NormalTextRun ContextualSpellingAndGrammarErrorV2Themed SCXW25326834 BCX0\">de :<\/span><span class=\"NormalTextRun SCXW25326834 BCX0\"> 80,000 euros Head office: HERON Building &#8211; 66 avenue du Maine &#8211; 75014 Paris 14 RCS: 382 380 244 RCS Paris EC VAT ID: FR 23 382 380 244 Telephone: (+33) 1 53 62 98 57<\/span><\/span><span class=\"EOP SCXW25326834 BCX0\" data-ccp-props=\"{&quot;201341983&quot;:0,&quot;335551550&quot;:6,&quot;335551620&quot;:6,&quot;335559739&quot;:0,&quot;335559740&quot;:259}\">\u00a0<\/span>[\/vc_column_text][\/vc_column][\/vc_row][\/vc_section][vc_section][vc_row][vc_column][vc_column_text]<\/p>\n<h4>TECHNICAL INFORMATION<\/h4>\n<p>[\/vc_column_text][vc_column_text]The user acknowledges having read this legal notice and undertakes to comply with it. The user acknowledges that he\/she has the necessary skills and means to access and use this site. The user of the website www.detconsultants.com acknowledges having checked that the computer configuration used does not contain any virus and that it is in perfect working order. This site is accessible 24 hours a day, 7 days a week, except in cases of force majeure, computer difficulties, difficulties linked to the structure of communication networks or technical difficulties. Moreover, for maintenance reasons, the website operator may interrupt access to its site at any time and will endeavour to give users prior notice.[\/vc_column_text][\/vc_column][\/vc_row][\/vc_section][vc_section][vc_row][vc_column][vc_column_text]<\/p>\n<h4>INTELLECTUAL PROPERTY<\/h4>\n<p>[\/vc_column_text][vc_column_text]<span data-contrast=\"auto\">This site is protected by copyright laws and by the Intellectual Property Code. Any partial or total representation or reproduction of this site, made without the publisher&#8217;s authorisation, constitutes an infringement, including for downloadable documents and iconographic and photographic representations. For all information and requests for reproduction of content published on the www.detconsultants.com website (texts, graphics, illustrations), whatever the medium, the user is invited to send a request by e-mail to: contact@DetConsultants.com<\/span><span data-ccp-props=\"{&quot;201341983&quot;:0,&quot;335551550&quot;:6,&quot;335551620&quot;:6,&quot;335559739&quot;:0,&quot;335559740&quot;:259}\">\u00a0<\/span><\/p>\n<p><span data-contrast=\"auto\">This document comes from the D&amp;Consultants website &#8211; www.detconsultants.com. Reproduction rights are reserved and strictly limited.<\/span>[\/vc_column_text][\/vc_column][\/vc_row][\/vc_section][vc_section][vc_row][vc_column][vc_column_text]<\/p>\n<h4>PERSONAL DATA<\/h4>\n<p>[\/vc_column_text][vc_column_text]The personal data collected within the framework of this site is subject to automated processing in accordance with the French law on &#8220;Data Processing, Files and Individual Liberties&#8221; No. 78-17 of 6 January 1978, as amended by law No. 2004-801 of 6 August 2004. The person responsible for the processing is the director of the publication. The information collected is intended for the internal services of D&amp;Consultants and its partners. You can exercise your right of access and rectification as provided by law by sending an e-mail.[\/vc_column_text][\/vc_column][\/vc_row][\/vc_section][vc_section][vc_row][vc_column][vc_column_text]<\/p>\n<h4>INFORMATIVE CHARACTER<\/h4>\n<p>[\/vc_column_text][vc_column_text]The information provided by the website is for information purposes only. D&amp;Consultants does not guarantee the accuracy, completeness or topicality of the information published on this site. The information presented on this site is purely informative and does not imply any legal commitment or contractual agreement on the part of D&amp;Consultants. It does not constitute, in any way, an advice or an incitement of any kind whatsoever. Consequently, the user acknowledges that he\/she uses this information under his\/her exclusive responsibility. D&amp;Consultants reserves the right to modify the content of this site at any time, at its own discretion.[\/vc_column_text][\/vc_column][\/vc_row][\/vc_section][vc_section][vc_row][vc_column][vc_column_text]<\/p>\n<h4>LINKS<\/h4>\n<p>[\/vc_column_text][vc_column_text]Any links set up on the www.detconsultants.com site to external Internet sites are subject to prior and express authorisation. However, as D&amp;Consultants is not the publisher of these sites, it cannot control their content. Consequently, D&amp;Consultants cannot be held responsible for the content of these sites, or for the possible collection and transmission of personal data, installation of cookies or any other process for the same purpose, carried out by these sites. You may not set up a hypertext link to the site www.detconsultants.com without the express prior written authorisation of D&amp;Consultants. Requests must be addressed to the site&#8217;s publication director: www.detconsultants.com[\/vc_column_text][\/vc_column][\/vc_row][\/vc_section][vc_section][vc_row][vc_column][vc_column_text]<\/p>\n<h4>HOSTING<\/h4>\n<p>[\/vc_column_text][vc_column_text]This site is hosted by OVH.<\/p>\n<p>Head office: 2 rue Kellermann &#8211; 59100 Roubaix &#8211; France[\/vc_column_text][\/vc_column][\/vc_row][\/vc_section][vc_section][vc_row][vc_column][vc_column_text]<\/p>\n<h4>GRAPHIC DESIGN, PRODUCTION AND CONCEPTION<\/h4>\n<p>[\/vc_column_text][vc_column_text]Agence MIEUX. P\u00e9niche West River, opposite 10 quai du 4 Septembre, 92100 Boulogne Billancourt. <strong>www.mieux.com<\/strong>[\/vc_column_text][\/vc_column][\/vc_row][\/vc_section]<\/p>\n<\/div>","protected":false},"excerpt":{"rendered":"<p>[vc_section][vc_row content_placement=&#8221;middle&#8221; bg_type=&#8221;image&#8221; parallax_style=&#8221;vcpb-default&#8221; bg_image_new=&#8221;id^73|url^http:\/\/www.detconsultants.com\/wp-content\/uploads\/2021\/08\/Capture2.png|caption^null|alt^null|title^Capture2|description^null&#8221; bg_image_repeat=&#8221;no-repeat&#8221; bg_override=&#8221;full&#8221; el_class=&#8221;header-page header-page-mobile-turquoise&#8221;][vc_column][vc_column_text el_class=&#8221;header-text&#8221;] Legal notice [\/vc_column_text][\/vc_column][\/vc_row][\/vc_section][vc_section][vc_row][vc_column][vc_column_text]The website www.detconsultants.com is the property of D&amp;Consultants &#8211; D\u00e9veloppement &amp; Conseil[\/vc_column_text][\/vc_column][\/vc_row][\/vc_section][vc_section][vc_row][vc_column][vc_column_text] GENERAL PRESENTATION [\/vc_column_text][vc_column_text]Company name: D&amp;Consultants Soci\u00e9t\u00e9 par actions simplifi\u00e9e au capital de : 80,000 euros Head office: HERON Building &#8211; 66 avenue du Maine &#8211; 75014 Paris 14 RCS: 382 380&hellip;<\/p>\n","protected":false},"author":1,"featured_media":0,"parent":0,"menu_order":0,"comment_status":"closed","ping_status":"closed","template":"","meta":{"_acf_changed":false,"_monsterinsights_skip_tracking":false,"_monsterinsights_sitenote_active":false,"_monsterinsights_sitenote_note":"","_monsterinsights_sitenote_category":0,"footnotes":""},"class_list":["post-4915","page","type-page","status-publish","hentry","description-off"],"acf":[],"yoast_head":"<!-- This site is optimized with the Yoast SEO plugin v24.7 - https:\/\/yoast.com\/wordpress\/plugins\/seo\/ -->\n<title>Legal notice - D&amp;Consultants<\/title>\n<meta name=\"robots\" content=\"index, follow, max-snippet:-1, max-image-preview:large, max-video-preview:-1\" \/>\n<link rel=\"canonical\" href=\"https:\/\/www.detconsultants.com\/en\/legal-notice\/\" \/>\n<meta property=\"og:locale\" content=\"en_US\" \/>\n<meta property=\"og:type\" content=\"article\" \/>\n<meta property=\"og:title\" content=\"Legal notice - D&amp;Consultants\" \/>\n<meta property=\"og:description\" content=\"[vc_section][vc_row content_placement=&#8221;middle&#8221; bg_type=&#8221;image&#8221; parallax_style=&#8221;vcpb-default&#8221; bg_image_new=&#8221;id^73|url^http:\/\/www.detconsultants.com\/wp-content\/uploads\/2021\/08\/Capture2.png|caption^null|alt^null|title^Capture2|description^null&#8221; bg_image_repeat=&#8221;no-repeat&#8221; bg_override=&#8221;full&#8221; el_class=&#8221;header-page header-page-mobile-turquoise&#8221;][vc_column][vc_column_text el_class=&#8221;header-text&#8221;] Legal notice [\/vc_column_text][\/vc_column][\/vc_row][\/vc_section][vc_section][vc_row][vc_column][vc_column_text]The website www.detconsultants.com is the property of D&amp;Consultants &#8211; D\u00e9veloppement &amp; Conseil[\/vc_column_text][\/vc_column][\/vc_row][\/vc_section][vc_section][vc_row][vc_column][vc_column_text] GENERAL PRESENTATION [\/vc_column_text][vc_column_text]Company name: D&amp;Consultants Soci\u00e9t\u00e9 par actions simplifi\u00e9e au capital de : 80,000 euros Head office: HERON Building &#8211; 66 avenue du Maine &#8211; 75014 Paris 14 RCS: 382 380&hellip;\" \/>\n<meta property=\"og:url\" content=\"https:\/\/www.detconsultants.com\/en\/legal-notice\/\" \/>\n<meta property=\"og:site_name\" content=\"D&amp;Consultants\" \/>\n<meta property=\"article:modified_time\" content=\"2023-04-07T14:35:42+00:00\" \/>\n<meta name=\"twitter:card\" content=\"summary_large_image\" \/>\n<meta name=\"twitter:label1\" content=\"Est. reading time\" \/>\n\t<meta name=\"twitter:data1\" content=\"4 minutes\" \/>\n<script type=\"application\/ld+json\" class=\"yoast-schema-graph\">{\"@context\":\"https:\/\/schema.org\",\"@graph\":[{\"@type\":\"WebPage\",\"@id\":\"https:\/\/www.detconsultants.com\/en\/legal-notice\/\",\"url\":\"https:\/\/www.detconsultants.com\/en\/legal-notice\/\",\"name\":\"Legal notice - D&amp;Consultants\",\"isPartOf\":{\"@id\":\"https:\/\/www.detconsultants.com\/en\/#website\"},\"datePublished\":\"2021-09-10T13:12:55+00:00\",\"dateModified\":\"2023-04-07T14:35:42+00:00\",\"breadcrumb\":{\"@id\":\"https:\/\/www.detconsultants.com\/en\/legal-notice\/#breadcrumb\"},\"inLanguage\":\"en-US\",\"potentialAction\":[{\"@type\":\"ReadAction\",\"target\":[\"https:\/\/www.detconsultants.com\/en\/legal-notice\/\"]}]},{\"@type\":\"BreadcrumbList\",\"@id\":\"https:\/\/www.detconsultants.com\/en\/legal-notice\/#breadcrumb\",\"itemListElement\":[{\"@type\":\"ListItem\",\"position\":1,\"name\":\"Accueil\",\"item\":\"https:\/\/www.detconsultants.com\/en\/\"},{\"@type\":\"ListItem\",\"position\":2,\"name\":\"Legal notice\"}]},{\"@type\":\"WebSite\",\"@id\":\"https:\/\/www.detconsultants.com\/en\/#website\",\"url\":\"https:\/\/www.detconsultants.com\/en\/\",\"name\":\"D&amp;Consultants\",\"description\":\"\",\"potentialAction\":[{\"@type\":\"SearchAction\",\"target\":{\"@type\":\"EntryPoint\",\"urlTemplate\":\"https:\/\/www.detconsultants.com\/en\/?s={search_term_string}\"},\"query-input\":{\"@type\":\"PropertyValueSpecification\",\"valueRequired\":true,\"valueName\":\"search_term_string\"}}],\"inLanguage\":\"en-US\"}]}<\/script>\n<!-- \/ Yoast SEO plugin. -->","yoast_head_json":{"title":"Legal notice - D&amp;Consultants","robots":{"index":"index","follow":"follow","max-snippet":"max-snippet:-1","max-image-preview":"max-image-preview:large","max-video-preview":"max-video-preview:-1"},"canonical":"https:\/\/www.detconsultants.com\/en\/legal-notice\/","og_locale":"en_US","og_type":"article","og_title":"Legal notice - D&amp;Consultants","og_description":"[vc_section][vc_row content_placement=&#8221;middle&#8221; bg_type=&#8221;image&#8221; parallax_style=&#8221;vcpb-default&#8221; bg_image_new=&#8221;id^73|url^http:\/\/www.detconsultants.com\/wp-content\/uploads\/2021\/08\/Capture2.png|caption^null|alt^null|title^Capture2|description^null&#8221; bg_image_repeat=&#8221;no-repeat&#8221; bg_override=&#8221;full&#8221; el_class=&#8221;header-page header-page-mobile-turquoise&#8221;][vc_column][vc_column_text el_class=&#8221;header-text&#8221;] Legal notice [\/vc_column_text][\/vc_column][\/vc_row][\/vc_section][vc_section][vc_row][vc_column][vc_column_text]The website www.detconsultants.com is the property of D&amp;Consultants &#8211; D\u00e9veloppement &amp; Conseil[\/vc_column_text][\/vc_column][\/vc_row][\/vc_section][vc_section][vc_row][vc_column][vc_column_text] GENERAL PRESENTATION [\/vc_column_text][vc_column_text]Company name: D&amp;Consultants Soci\u00e9t\u00e9 par actions simplifi\u00e9e au capital de : 80,000 euros Head office: HERON Building &#8211; 66 avenue du Maine &#8211; 75014 Paris 14 RCS: 382 380&hellip;","og_url":"https:\/\/www.detconsultants.com\/en\/legal-notice\/","og_site_name":"D&amp;Consultants","article_modified_time":"2023-04-07T14:35:42+00:00","twitter_card":"summary_large_image","twitter_misc":{"Est. reading time":"4 minutes"},"schema":{"@context":"https:\/\/schema.org","@graph":[{"@type":"WebPage","@id":"https:\/\/www.detconsultants.com\/en\/legal-notice\/","url":"https:\/\/www.detconsultants.com\/en\/legal-notice\/","name":"Legal notice - D&amp;Consultants","isPartOf":{"@id":"https:\/\/www.detconsultants.com\/en\/#website"},"datePublished":"2021-09-10T13:12:55+00:00","dateModified":"2023-04-07T14:35:42+00:00","breadcrumb":{"@id":"https:\/\/www.detconsultants.com\/en\/legal-notice\/#breadcrumb"},"inLanguage":"en-US","potentialAction":[{"@type":"ReadAction","target":["https:\/\/www.detconsultants.com\/en\/legal-notice\/"]}]},{"@type":"BreadcrumbList","@id":"https:\/\/www.detconsultants.com\/en\/legal-notice\/#breadcrumb","itemListElement":[{"@type":"ListItem","position":1,"name":"Accueil","item":"https:\/\/www.detconsultants.com\/en\/"},{"@type":"ListItem","position":2,"name":"Legal notice"}]},{"@type":"WebSite","@id":"https:\/\/www.detconsultants.com\/en\/#website","url":"https:\/\/www.detconsultants.com\/en\/","name":"D&amp;Consultants","description":"","potentialAction":[{"@type":"SearchAction","target":{"@type":"EntryPoint","urlTemplate":"https:\/\/www.detconsultants.com\/en\/?s={search_term_string}"},"query-input":{"@type":"PropertyValueSpecification","valueRequired":true,"valueName":"search_term_string"}}],"inLanguage":"en-US"}]}},"_links":{"self":[{"href":"https:\/\/www.detconsultants.com\/en\/wp-json\/wp\/v2\/pages\/4915","targetHints":{"allow":["GET"]}}],"collection":[{"href":"https:\/\/www.detconsultants.com\/en\/wp-json\/wp\/v2\/pages"}],"about":[{"href":"https:\/\/www.detconsultants.com\/en\/wp-json\/wp\/v2\/types\/page"}],"author":[{"embeddable":true,"href":"https:\/\/www.detconsultants.com\/en\/wp-json\/wp\/v2\/users\/1"}],"replies":[{"embeddable":true,"href":"https:\/\/www.detconsultants.com\/en\/wp-json\/wp\/v2\/comments?post=4915"}],"version-history":[{"count":3,"href":"https:\/\/www.detconsultants.com\/en\/wp-json\/wp\/v2\/pages\/4915\/revisions"}],"predecessor-version":[{"id":4947,"href":"https:\/\/www.detconsultants.com\/en\/wp-json\/wp\/v2\/pages\/4915\/revisions\/4947"}],"wp:attachment":[{"href":"https:\/\/www.detconsultants.com\/en\/wp-json\/wp\/v2\/media?parent=4915"}],"curies":[{"name":"wp","href":"https:\/\/api.w.org\/{rel}","templated":true}]}}